{"id":14,"date":"2021-11-03T11:30:56","date_gmt":"2021-11-03T08:30:56","guid":{"rendered":"https:\/\/maisonmarvis.com\/?page_id=14"},"modified":"2021-11-10T12:04:10","modified_gmt":"2021-11-10T09:04:10","slug":"home","status":"publish","type":"page","link":"https:\/\/maisonmarvis.com\/","title":{"rendered":"Home"},"content":{"rendered":"\n<div class=\"wp-block-columns\">\n<div class=\"wp-block-column\">\n<p><\/p>\n<\/div>\n<\/div>\n\n\n<div data-block-name=\"woocommerce\/product-new\" class=\"wc-block-grid wp-block-product-new wc-block-product-new has-3-columns has-multiple-rows\"><ul class=\"wc-block-grid__products\"><li class=\"wc-block-grid__product\">\n\t\t\t\t<a href=\"https:\/\/maisonmarvis.com\/index.php\/urun\/puskullu-kirlent-taba\/\" class=\"wc-block-grid__product-link\">\n\t\t\t\t\t<div class=\"wc-block-grid__product-image\"><img width=\"300\" height=\"300\" src=\"https:\/\/maisonmarvis.com\/wp-content\/uploads\/2021\/11\/8217008933_2_4_2-300x300.jpg\" class=\"attachment-woocommerce_thumbnail size-woocommerce_thumbnail\" alt=\"P\u00fcsk\u00fcll\u00fc K\u0131rlent (Taba)\" loading=\"lazy\" srcset=\"https:\/\/maisonmarvis.com\/wp-content\/uploads\/2021\/11\/8217008933_2_4_2-300x300.jpg 300w, https:\/\/maisonmarvis.com\/wp-content\/uploads\/2021\/11\/8217008933_2_4_2-150x150.jpg 150w, https:\/\/maisonmarvis.com\/wp-content\/uploads\/2021\/11\/8217008933_2_4_2-100x100.jpg 100w\" sizes=\"(max-width: 300px) 100vw, 300px\" \/><\/div>\n\t\t\t\t\t<div class=\"wc-block-grid__product-title\">P\u00fcsk\u00fcll\u00fc K\u0131rlent (Taba)<\/div>\n\t\t\t\t<\/a>\n\t\t\t\t\n\t\t\t\t<div class=\"wc-block-grid__product-price price\"><span class=\"woocommerce-Price-amount amount\"><span class=\"woocommerce-Price-currencySymbol\">&#8378;<\/span>420,00<\/span><\/div>\n\t\t\t\t\n\t\t\t\t<div class=\"wp-block-button wc-block-grid__product-add-to-cart\"><a href=\"?add-to-cart=61\" aria-label=\"Add &ldquo;P\u00fcsk\u00fcll\u00fc K\u0131rlent (Taba)&rdquo; to your cart\" data-quantity=\"1\" data-product_id=\"61\" data-product_sku=\"yast\u0131k2\" rel=\"nofollow\" class=\"wp-block-button__link  add_to_cart_button ajax_add_to_cart\">Add to cart<\/a><\/div>\n\t\t\t<\/li><li class=\"wc-block-grid__product\">\n\t\t\t\t<a href=\"https:\/\/maisonmarvis.com\/index.php\/urun\/puskullu-kirlent-bej\/\" class=\"wc-block-grid__product-link\">\n\t\t\t\t\t<div class=\"wc-block-grid__product-image\"><img width=\"300\" height=\"300\" src=\"https:\/\/maisonmarvis.com\/wp-content\/uploads\/2021\/11\/8217008712_1_1_2-300x300.jpg\" class=\"attachment-woocommerce_thumbnail size-woocommerce_thumbnail\" alt=\"P\u00fcsk\u00fcll\u00fc K\u0131rlent (Bej)\" loading=\"lazy\" srcset=\"https:\/\/maisonmarvis.com\/wp-content\/uploads\/2021\/11\/8217008712_1_1_2-300x300.jpg 300w, https:\/\/maisonmarvis.com\/wp-content\/uploads\/2021\/11\/8217008712_1_1_2-150x150.jpg 150w, https:\/\/maisonmarvis.com\/wp-content\/uploads\/2021\/11\/8217008712_1_1_2-100x100.jpg 100w\" sizes=\"(max-width: 300px) 100vw, 300px\" \/><\/div>\n\t\t\t\t\t<div class=\"wc-block-grid__product-title\">P\u00fcsk\u00fcll\u00fc K\u0131rlent (Bej)<\/div>\n\t\t\t\t<\/a>\n\t\t\t\t\n\t\t\t\t<div class=\"wc-block-grid__product-price price\"><span class=\"woocommerce-Price-amount amount\"><span class=\"woocommerce-Price-currencySymbol\">&#8378;<\/span>420,00<\/span><\/div>\n\t\t\t\t\n\t\t\t\t<div class=\"wp-block-button wc-block-grid__product-add-to-cart\"><a href=\"?add-to-cart=59\" aria-label=\"Add &ldquo;P\u00fcsk\u00fcll\u00fc K\u0131rlent (Bej)&rdquo; to your cart\" data-quantity=\"1\" data-product_id=\"59\" data-product_sku=\"yast\u0131k1\" rel=\"nofollow\" class=\"wp-block-button__link  add_to_cart_button ajax_add_to_cart\">Add to cart<\/a><\/div>\n\t\t\t<\/li><li class=\"wc-block-grid__product\">\n\t\t\t\t<a href=\"https:\/\/maisonmarvis.com\/index.php\/urun\/paper-box-siyah\/\" class=\"wc-block-grid__product-link\">\n\t\t\t\t\t<div class=\"wc-block-grid__product-image\"><img width=\"300\" height=\"300\" src=\"https:\/\/maisonmarvis.com\/wp-content\/uploads\/2021\/11\/sacksy-7a76-300x300.jpg\" class=\"attachment-woocommerce_thumbnail size-woocommerce_thumbnail\" alt=\"Paper Box (Siyah)\" loading=\"lazy\" srcset=\"https:\/\/maisonmarvis.com\/wp-content\/uploads\/2021\/11\/sacksy-7a76-300x300.jpg 300w, https:\/\/maisonmarvis.com\/wp-content\/uploads\/2021\/11\/sacksy-7a76-150x150.jpg 150w, https:\/\/maisonmarvis.com\/wp-content\/uploads\/2021\/11\/sacksy-7a76-100x100.jpg 100w\" sizes=\"(max-width: 300px) 100vw, 300px\" \/><\/div>\n\t\t\t\t\t<div class=\"wc-block-grid__product-title\">Paper Box (Siyah)<\/div>\n\t\t\t\t<\/a>\n\t\t\t\t\n\t\t\t\t<div class=\"wc-block-grid__product-price price\"><span class=\"woocommerce-Price-amount amount\"><span class=\"woocommerce-Price-currencySymbol\">&#8378;<\/span>280,00<\/span><\/div>\n\t\t\t\t\n\t\t\t\t<div class=\"wp-block-button wc-block-grid__product-add-to-cart\"><a href=\"?add-to-cart=57\" aria-label=\"Add &ldquo;Paper Box (Siyah)&rdquo; to your cart\" data-quantity=\"1\" data-product_id=\"57\" data-product_sku=\"paperbox2\" rel=\"nofollow\" class=\"wp-block-button__link  add_to_cart_button ajax_add_to_cart\">Add to cart<\/a><\/div>\n\t\t\t<\/li><li class=\"wc-block-grid__product\">\n\t\t\t\t<a href=\"https:\/\/maisonmarvis.com\/index.php\/urun\/paper-box-kahve\/\" class=\"wc-block-grid__product-link\">\n\t\t\t\t\t<div class=\"wc-block-grid__product-image\"><img width=\"300\" height=\"300\" src=\"https:\/\/maisonmarvis.com\/wp-content\/uploads\/2021\/11\/sacksy-5dff-300x300.jpg\" class=\"attachment-woocommerce_thumbnail size-woocommerce_thumbnail\" alt=\"Paper Box (Kahve)\" loading=\"lazy\" srcset=\"https:\/\/maisonmarvis.com\/wp-content\/uploads\/2021\/11\/sacksy-5dff-300x300.jpg 300w, https:\/\/maisonmarvis.com\/wp-content\/uploads\/2021\/11\/sacksy-5dff-150x150.jpg 150w, https:\/\/maisonmarvis.com\/wp-content\/uploads\/2021\/11\/sacksy-5dff-100x100.jpg 100w\" sizes=\"(max-width: 300px) 100vw, 300px\" \/><\/div>\n\t\t\t\t\t<div class=\"wc-block-grid__product-title\">Paper Box (Kahve)<\/div>\n\t\t\t\t<\/a>\n\t\t\t\t\n\t\t\t\t<div class=\"wc-block-grid__product-price price\"><span class=\"woocommerce-Price-amount amount\"><span class=\"woocommerce-Price-currencySymbol\">&#8378;<\/span>280,00<\/span><\/div>\n\t\t\t\t\n\t\t\t\t<div class=\"wp-block-button wc-block-grid__product-add-to-cart\"><a href=\"?add-to-cart=55\" aria-label=\"Add &ldquo;Paper Box (Kahve)&rdquo; to your cart\" data-quantity=\"1\" data-product_id=\"55\" data-product_sku=\"paperbox1\" rel=\"nofollow\" class=\"wp-block-button__link  add_to_cart_button ajax_add_to_cart\">Add to cart<\/a><\/div>\n\t\t\t<\/li><li class=\"wc-block-grid__product\">\n\t\t\t\t<a href=\"https:\/\/maisonmarvis.com\/index.php\/urun\/dot-vase\/\" class=\"wc-block-grid__product-link\">\n\t\t\t\t\t<div class=\"wc-block-grid__product-image\"><img width=\"300\" height=\"300\" src=\"https:\/\/maisonmarvis.com\/wp-content\/uploads\/2021\/11\/79528356_242967596718486_3424492555101368718_n_900x-300x300.jpg\" class=\"attachment-woocommerce_thumbnail size-woocommerce_thumbnail\" alt=\"Dot Vase\" loading=\"lazy\" srcset=\"https:\/\/maisonmarvis.com\/wp-content\/uploads\/2021\/11\/79528356_242967596718486_3424492555101368718_n_900x-300x300.jpg 300w, https:\/\/maisonmarvis.com\/wp-content\/uploads\/2021\/11\/79528356_242967596718486_3424492555101368718_n_900x-150x150.jpg 150w, https:\/\/maisonmarvis.com\/wp-content\/uploads\/2021\/11\/79528356_242967596718486_3424492555101368718_n_900x-768x768.jpg 768w, https:\/\/maisonmarvis.com\/wp-content\/uploads\/2021\/11\/79528356_242967596718486_3424492555101368718_n_900x-600x600.jpg 600w, https:\/\/maisonmarvis.com\/wp-content\/uploads\/2021\/11\/79528356_242967596718486_3424492555101368718_n_900x-100x100.jpg 100w, https:\/\/maisonmarvis.com\/wp-content\/uploads\/2021\/11\/79528356_242967596718486_3424492555101368718_n_900x.jpg 900w\" sizes=\"(max-width: 300px) 100vw, 300px\" \/><\/div>\n\t\t\t\t\t<div class=\"wc-block-grid__product-title\">Dot Vase<\/div>\n\t\t\t\t<\/a>\n\t\t\t\t\n\t\t\t\t<div class=\"wc-block-grid__product-price price\"><span class=\"woocommerce-Price-amount amount\"><span class=\"woocommerce-Price-currencySymbol\">&#8378;<\/span>340,00<\/span><\/div>\n\t\t\t\t\n\t\t\t\t<div class=\"wp-block-button wc-block-grid__product-add-to-cart\"><a href=\"?add-to-cart=51\" aria-label=\"Add &ldquo;Dot Vase&rdquo; to your cart\" data-quantity=\"1\" data-product_id=\"51\" data-product_sku=\"dot1\" rel=\"nofollow\" class=\"wp-block-button__link  add_to_cart_button ajax_add_to_cart\">Add to cart<\/a><\/div>\n\t\t\t<\/li><li class=\"wc-block-grid__product\">\n\t\t\t\t<a href=\"https:\/\/maisonmarvis.com\/index.php\/urun\/ovo-vase-deri-cam-vazo\/\" class=\"wc-block-grid__product-link\">\n\t\t\t\t\t<div class=\"wc-block-grid__product-image\"><img width=\"300\" height=\"300\" src=\"https:\/\/maisonmarvis.com\/wp-content\/uploads\/2021\/11\/82539825_2505294676265108_2544582734686619389_n_900x-300x300.jpg\" class=\"attachment-woocommerce_thumbnail size-woocommerce_thumbnail\" alt=\"Deri Cam Vazo\" loading=\"lazy\" srcset=\"https:\/\/maisonmarvis.com\/wp-content\/uploads\/2021\/11\/82539825_2505294676265108_2544582734686619389_n_900x-300x300.jpg 300w, https:\/\/maisonmarvis.com\/wp-content\/uploads\/2021\/11\/82539825_2505294676265108_2544582734686619389_n_900x-150x150.jpg 150w, https:\/\/maisonmarvis.com\/wp-content\/uploads\/2021\/11\/82539825_2505294676265108_2544582734686619389_n_900x-768x768.jpg 768w, https:\/\/maisonmarvis.com\/wp-content\/uploads\/2021\/11\/82539825_2505294676265108_2544582734686619389_n_900x-600x600.jpg 600w, https:\/\/maisonmarvis.com\/wp-content\/uploads\/2021\/11\/82539825_2505294676265108_2544582734686619389_n_900x-100x100.jpg 100w, https:\/\/maisonmarvis.com\/wp-content\/uploads\/2021\/11\/82539825_2505294676265108_2544582734686619389_n_900x.jpg 900w\" sizes=\"(max-width: 300px) 100vw, 300px\" \/><\/div>\n\t\t\t\t\t<div class=\"wc-block-grid__product-title\">Ovo-Vase<\/div>\n\t\t\t\t<\/a>\n\t\t\t\t\n\t\t\t\t<div class=\"wc-block-grid__product-price price\"><span class=\"woocommerce-Price-amount amount\"><span class=\"woocommerce-Price-currencySymbol\">&#8378;<\/span>340,00<\/span><\/div>\n\t\t\t\t\n\t\t\t\t<div class=\"wp-block-button wc-block-grid__product-add-to-cart\"><a href=\"?add-to-cart=10\" aria-label=\"Add &ldquo;Ovo-Vase&rdquo; to your cart\" data-quantity=\"1\" data-product_id=\"10\" data-product_sku=\"ovo1\" rel=\"nofollow\" class=\"wp-block-button__link  add_to_cart_button ajax_add_to_cart\">Add to cart<\/a><\/div>\n\t\t\t<\/li><\/ul><\/div>","protected":false},"excerpt":{"rendered":"","protected":false},"author":1,"featured_media":0,"parent":0,"menu_order":0,"comment_status":"closed","ping_status":"closed","template":"","meta":{"om_disable_all_campaigns":false,"_monsterinsights_skip_tracking":false,"_monsterinsights_sitenote_active":false,"_monsterinsights_sitenote_note":"","_monsterinsights_sitenote_category":0},"yoast_head":"<!-- This site is optimized with the Yoast SEO plugin v18.3 - https:\/\/yoast.com\/wordpress\/plugins\/seo\/ -->\n<title>Home -<\/title>\n<meta name=\"robots\" content=\"index, follow, max-snippet:-1, max-image-preview:large, max-video-preview:-1\" \/>\n<link rel=\"canonical\" href=\"https:\/\/maisonmarvis.com\/\" \/>\n<meta property=\"og:locale\" content=\"en_US\" \/>\n<meta property=\"og:type\" content=\"article\" \/>\n<meta property=\"og:title\" content=\"Home -\" \/>\n<meta property=\"og:url\" content=\"https:\/\/maisonmarvis.com\/\" \/>\n<meta property=\"article:modified_time\" content=\"2021-11-10T09:04:10+00:00\" \/>\n<meta name=\"twitter:card\" content=\"summary_large_image\" \/>\n<script type=\"application\/ld+json\" class=\"yoast-schema-graph\">{\"@context\":\"https:\/\/schema.org\",\"@graph\":[{\"@type\":\"WebSite\",\"@id\":\"https:\/\/maisonmarvis.com\/#website\",\"url\":\"https:\/\/maisonmarvis.com\/\",\"name\":\"\",\"description\":\"Maison Marvis\",\"potentialAction\":[{\"@type\":\"SearchAction\",\"target\":{\"@type\":\"EntryPoint\",\"urlTemplate\":\"https:\/\/maisonmarvis.com\/?s={search_term_string}\"},\"query-input\":\"required name=search_term_string\"}],\"inLanguage\":\"en-US\"},{\"@type\":\"WebPage\",\"@id\":\"https:\/\/maisonmarvis.com\/#webpage\",\"url\":\"https:\/\/maisonmarvis.com\/\",\"name\":\"Home -\",\"isPartOf\":{\"@id\":\"https:\/\/maisonmarvis.com\/#website\"},\"datePublished\":\"2021-11-03T08:30:56+00:00\",\"dateModified\":\"2021-11-10T09:04:10+00:00\",\"breadcrumb\":{\"@id\":\"https:\/\/maisonmarvis.com\/#breadcrumb\"},\"inLanguage\":\"en-US\",\"potentialAction\":[{\"@type\":\"ReadAction\",\"target\":[\"https:\/\/maisonmarvis.com\/\"]}]},{\"@type\":\"BreadcrumbList\",\"@id\":\"https:\/\/maisonmarvis.com\/#breadcrumb\",\"itemListElement\":[{\"@type\":\"ListItem\",\"position\":1,\"name\":\"Anasayfa\",\"item\":\"https:\/\/maisonmarvis.com\/\"},{\"@type\":\"ListItem\",\"position\":2,\"name\":\"Home\"}]}]}<\/script>\n<!-- \/ Yoast SEO plugin. -->","yoast_head_json":{"title":"Home -","robots":{"index":"index","follow":"follow","max-snippet":"max-snippet:-1","max-image-preview":"max-image-preview:large","max-video-preview":"max-video-preview:-1"},"canonical":"https:\/\/maisonmarvis.com\/","og_locale":"en_US","og_type":"article","og_title":"Home -","og_url":"https:\/\/maisonmarvis.com\/","article_modified_time":"2021-11-10T09:04:10+00:00","twitter_card":"summary_large_image","schema":{"@context":"https:\/\/schema.org","@graph":[{"@type":"WebSite","@id":"https:\/\/maisonmarvis.com\/#website","url":"https:\/\/maisonmarvis.com\/","name":"","description":"Maison Marvis","potentialAction":[{"@type":"SearchAction","target":{"@type":"EntryPoint","urlTemplate":"https:\/\/maisonmarvis.com\/?s={search_term_string}"},"query-input":"required name=search_term_string"}],"inLanguage":"en-US"},{"@type":"WebPage","@id":"https:\/\/maisonmarvis.com\/#webpage","url":"https:\/\/maisonmarvis.com\/","name":"Home -","isPartOf":{"@id":"https:\/\/maisonmarvis.com\/#website"},"datePublished":"2021-11-03T08:30:56+00:00","dateModified":"2021-11-10T09:04:10+00:00","breadcrumb":{"@id":"https:\/\/maisonmarvis.com\/#breadcrumb"},"inLanguage":"en-US","potentialAction":[{"@type":"ReadAction","target":["https:\/\/maisonmarvis.com\/"]}]},{"@type":"BreadcrumbList","@id":"https:\/\/maisonmarvis.com\/#breadcrumb","itemListElement":[{"@type":"ListItem","position":1,"name":"Anasayfa","item":"https:\/\/maisonmarvis.com\/"},{"@type":"ListItem","position":2,"name":"Home"}]}]}},"_links":{"self":[{"href":"https:\/\/maisonmarvis.com\/index.php\/wp-json\/wp\/v2\/pages\/14"}],"collection":[{"href":"https:\/\/maisonmarvis.com\/index.php\/wp-json\/wp\/v2\/pages"}],"about":[{"href":"https:\/\/maisonmarvis.com\/index.php\/wp-json\/wp\/v2\/types\/page"}],"author":[{"embeddable":true,"href":"https:\/\/maisonmarvis.com\/index.php\/wp-json\/wp\/v2\/users\/1"}],"replies":[{"embeddable":true,"href":"https:\/\/maisonmarvis.com\/index.php\/wp-json\/wp\/v2\/comments?post=14"}],"version-history":[{"count":2,"href":"https:\/\/maisonmarvis.com\/index.php\/wp-json\/wp\/v2\/pages\/14\/revisions"}],"predecessor-version":[{"id":77,"href":"https:\/\/maisonmarvis.com\/index.php\/wp-json\/wp\/v2\/pages\/14\/revisions\/77"}],"wp:attachment":[{"href":"https:\/\/maisonmarvis.com\/index.php\/wp-json\/wp\/v2\/media?parent=14"}],"curies":[{"name":"wp","href":"https:\/\/api.w.org\/{rel}","templated":true}]}}