{"id":85,"date":"2021-11-10T12:20:37","date_gmt":"2021-11-10T09:20:37","guid":{"rendered":"https:\/\/maisonmarvis.com\/?page_id=85"},"modified":"2021-11-10T12:20:37","modified_gmt":"2021-11-10T09:20:37","slug":"hakkimizda","status":"publish","type":"page","link":"https:\/\/maisonmarvis.com\/index.php\/hakkimizda\/","title":{"rendered":"Hakk\u0131m\u0131zda"},"content":{"rendered":"\n<h3>Pap, m\u00fc\u015fterilerine minimalist ancak bir o kadar da renkli ve e\u011flenceli \u00fcr\u00fcnler sunar. Kad\u0131n \u00e7antalar\u0131 markan\u0131n \u00f6ne \u00e7\u0131kan \u00fcr\u00fcn\u00fcd\u00fcr.<\/h3>\n\n\n\n<p>Pap, ressam Harika Mente\u015f ve ma\u011fazac\u0131l\u0131k sekt\u00f6r\u00fcn\u00fcn \u00f6nde gelen k\u00f6kl\u00fc yabanc\u0131 markalar\u0131nda g\u00f6rsel ve vitrin tasar\u0131m\u0131 y\u00f6neticisi olarak uzun y\u0131llar \u00e7al\u0131\u015fm\u0131\u015f Merve Mente\u015f taraf\u0131ndan 2014 y\u0131l\u0131nda \u0130stanbul\u2019da kuruldu. Bir Slow design markas\u0131 olan Pap, zero waste gayesiyle \u00fcretiyor, kulland\u0131\u011f\u0131 materyallerle geri d\u00f6n\u00fc\u015f\u00fcme \u00f6nem veriyor. Minimal \u00e7izgiler, al\u0131\u015f\u0131lmad\u0131k formlar ve \u00f6zg\u00fcn renkler tasar\u0131mlar\u0131nda olmazsa olmazlar\u0131.<br>Koleksiyonlar\u0131nda rahatl\u0131\u011f\u0131 ve \u015f\u0131kl\u0131\u011f\u0131 \u00f6n planda tutarak kendi marka \u00e7izgisinde \u00e7antalar\u0131n\u0131 sunuyor.<\/p>\n","protected":false},"excerpt":{"rendered":"<p>Pap, m\u00fc\u015fterilerine minimalist ancak bir o kadar da renkli ve e\u011flenceli \u00fcr\u00fcnler sunar. Kad\u0131n \u00e7antalar\u0131 markan\u0131n \u00f6ne \u00e7\u0131kan \u00fcr\u00fcn\u00fcd\u00fcr. Pap, ressam Harika Mente\u015f ve ma\u011fazac\u0131l\u0131k&hellip;<\/p>\n","protected":false},"author":1,"featured_media":0,"parent":0,"menu_order":0,"comment_status":"closed","ping_status":"closed","template":"","meta":{"om_disable_all_campaigns":false,"_monsterinsights_skip_tracking":false,"_monsterinsights_sitenote_active":false,"_monsterinsights_sitenote_note":"","_monsterinsights_sitenote_category":0},"yoast_head":"<!-- This site is optimized with the Yoast SEO plugin v18.3 - https:\/\/yoast.com\/wordpress\/plugins\/seo\/ -->\n<title>Hakk\u0131m\u0131zda -<\/title>\n<meta name=\"robots\" content=\"index, follow, max-snippet:-1, max-image-preview:large, max-video-preview:-1\" \/>\n<link rel=\"canonical\" href=\"https:\/\/maisonmarvis.com\/index.php\/hakkimizda\/\" \/>\n<meta property=\"og:locale\" content=\"en_US\" \/>\n<meta property=\"og:type\" content=\"article\" \/>\n<meta property=\"og:title\" content=\"Hakk\u0131m\u0131zda -\" \/>\n<meta property=\"og:description\" content=\"Pap, m\u00fc\u015fterilerine minimalist ancak bir o kadar da renkli ve e\u011flenceli \u00fcr\u00fcnler sunar. Kad\u0131n \u00e7antalar\u0131 markan\u0131n \u00f6ne \u00e7\u0131kan \u00fcr\u00fcn\u00fcd\u00fcr. Pap, ressam Harika Mente\u015f ve ma\u011fazac\u0131l\u0131k&hellip;\" \/>\n<meta property=\"og:url\" content=\"https:\/\/maisonmarvis.com\/index.php\/hakkimizda\/\" \/>\n<meta name=\"twitter:card\" content=\"summary_large_image\" \/>\n<meta name=\"twitter:label1\" content=\"Est. reading time\" \/>\n\t<meta name=\"twitter:data1\" content=\"1 minute\" \/>\n<script type=\"application\/ld+json\" class=\"yoast-schema-graph\">{\"@context\":\"https:\/\/schema.org\",\"@graph\":[{\"@type\":\"WebSite\",\"@id\":\"https:\/\/maisonmarvis.com\/#website\",\"url\":\"https:\/\/maisonmarvis.com\/\",\"name\":\"\",\"description\":\"Maison Marvis\",\"potentialAction\":[{\"@type\":\"SearchAction\",\"target\":{\"@type\":\"EntryPoint\",\"urlTemplate\":\"https:\/\/maisonmarvis.com\/?s={search_term_string}\"},\"query-input\":\"required name=search_term_string\"}],\"inLanguage\":\"en-US\"},{\"@type\":\"WebPage\",\"@id\":\"https:\/\/maisonmarvis.com\/index.php\/hakkimizda\/#webpage\",\"url\":\"https:\/\/maisonmarvis.com\/index.php\/hakkimizda\/\",\"name\":\"Hakk\u0131m\u0131zda -\",\"isPartOf\":{\"@id\":\"https:\/\/maisonmarvis.com\/#website\"},\"datePublished\":\"2021-11-10T09:20:37+00:00\",\"dateModified\":\"2021-11-10T09:20:37+00:00\",\"breadcrumb\":{\"@id\":\"https:\/\/maisonmarvis.com\/index.php\/hakkimizda\/#breadcrumb\"},\"inLanguage\":\"en-US\",\"potentialAction\":[{\"@type\":\"ReadAction\",\"target\":[\"https:\/\/maisonmarvis.com\/index.php\/hakkimizda\/\"]}]},{\"@type\":\"BreadcrumbList\",\"@id\":\"https:\/\/maisonmarvis.com\/index.php\/hakkimizda\/#breadcrumb\",\"itemListElement\":[{\"@type\":\"ListItem\",\"position\":1,\"name\":\"Anasayfa\",\"item\":\"https:\/\/maisonmarvis.com\/\"},{\"@type\":\"ListItem\",\"position\":2,\"name\":\"Hakk\u0131m\u0131zda\"}]}]}<\/script>\n<!-- \/ Yoast SEO plugin. -->","yoast_head_json":{"title":"Hakk\u0131m\u0131zda -","robots":{"index":"index","follow":"follow","max-snippet":"max-snippet:-1","max-image-preview":"max-image-preview:large","max-video-preview":"max-video-preview:-1"},"canonical":"https:\/\/maisonmarvis.com\/index.php\/hakkimizda\/","og_locale":"en_US","og_type":"article","og_title":"Hakk\u0131m\u0131zda -","og_description":"Pap, m\u00fc\u015fterilerine minimalist ancak bir o kadar da renkli ve e\u011flenceli \u00fcr\u00fcnler sunar. Kad\u0131n \u00e7antalar\u0131 markan\u0131n \u00f6ne \u00e7\u0131kan \u00fcr\u00fcn\u00fcd\u00fcr. Pap, ressam Harika Mente\u015f ve ma\u011fazac\u0131l\u0131k&hellip;","og_url":"https:\/\/maisonmarvis.com\/index.php\/hakkimizda\/","twitter_card":"summary_large_image","twitter_misc":{"Est. reading time":"1 minute"},"schema":{"@context":"https:\/\/schema.org","@graph":[{"@type":"WebSite","@id":"https:\/\/maisonmarvis.com\/#website","url":"https:\/\/maisonmarvis.com\/","name":"","description":"Maison Marvis","potentialAction":[{"@type":"SearchAction","target":{"@type":"EntryPoint","urlTemplate":"https:\/\/maisonmarvis.com\/?s={search_term_string}"},"query-input":"required name=search_term_string"}],"inLanguage":"en-US"},{"@type":"WebPage","@id":"https:\/\/maisonmarvis.com\/index.php\/hakkimizda\/#webpage","url":"https:\/\/maisonmarvis.com\/index.php\/hakkimizda\/","name":"Hakk\u0131m\u0131zda -","isPartOf":{"@id":"https:\/\/maisonmarvis.com\/#website"},"datePublished":"2021-11-10T09:20:37+00:00","dateModified":"2021-11-10T09:20:37+00:00","breadcrumb":{"@id":"https:\/\/maisonmarvis.com\/index.php\/hakkimizda\/#breadcrumb"},"inLanguage":"en-US","potentialAction":[{"@type":"ReadAction","target":["https:\/\/maisonmarvis.com\/index.php\/hakkimizda\/"]}]},{"@type":"BreadcrumbList","@id":"https:\/\/maisonmarvis.com\/index.php\/hakkimizda\/#breadcrumb","itemListElement":[{"@type":"ListItem","position":1,"name":"Anasayfa","item":"https:\/\/maisonmarvis.com\/"},{"@type":"ListItem","position":2,"name":"Hakk\u0131m\u0131zda"}]}]}},"_links":{"self":[{"href":"https:\/\/maisonmarvis.com\/index.php\/wp-json\/wp\/v2\/pages\/85"}],"collection":[{"href":"https:\/\/maisonmarvis.com\/index.php\/wp-json\/wp\/v2\/pages"}],"about":[{"href":"https:\/\/maisonmarvis.com\/index.php\/wp-json\/wp\/v2\/types\/page"}],"author":[{"embeddable":true,"href":"https:\/\/maisonmarvis.com\/index.php\/wp-json\/wp\/v2\/users\/1"}],"replies":[{"embeddable":true,"href":"https:\/\/maisonmarvis.com\/index.php\/wp-json\/wp\/v2\/comments?post=85"}],"version-history":[{"count":1,"href":"https:\/\/maisonmarvis.com\/index.php\/wp-json\/wp\/v2\/pages\/85\/revisions"}],"predecessor-version":[{"id":86,"href":"https:\/\/maisonmarvis.com\/index.php\/wp-json\/wp\/v2\/pages\/85\/revisions\/86"}],"wp:attachment":[{"href":"https:\/\/maisonmarvis.com\/index.php\/wp-json\/wp\/v2\/media?parent=85"}],"curies":[{"name":"wp","href":"https:\/\/api.w.org\/{rel}","templated":true}]}}