{"id":88,"date":"2021-11-10T12:23:22","date_gmt":"2021-11-10T09:23:22","guid":{"rendered":"https:\/\/maisonmarvis.com\/?page_id=88"},"modified":"2021-11-10T12:24:26","modified_gmt":"2021-11-10T09:24:26","slug":"iletisim","status":"publish","type":"page","link":"https:\/\/maisonmarvis.com\/index.php\/iletisim\/","title":{"rendered":"\u0130leti\u015fim"},"content":{"rendered":"\n<p><\/p>\n\n\n\n<div class=\"wp-block-contact-form-7-contact-form-selector\"><div role=\"form\" class=\"wpcf7\" id=\"wpcf7-f11-o1\" lang=\"tr-TR\" dir=\"ltr\">\n<div class=\"screen-reader-response\"><p role=\"status\" aria-live=\"polite\" aria-atomic=\"true\"><\/p> <ul><\/ul><\/div>\n<form action=\"\/index.php\/wp-json\/wp\/v2\/pages\/88#wpcf7-f11-o1\" method=\"post\" class=\"wpcf7-form init\" novalidate=\"novalidate\" data-status=\"init\">\n<div style=\"display: none;\">\n<input type=\"hidden\" name=\"_wpcf7\" value=\"11\" \/>\n<input type=\"hidden\" name=\"_wpcf7_version\" value=\"5.6.4\" \/>\n<input type=\"hidden\" name=\"_wpcf7_locale\" value=\"tr_TR\" \/>\n<input type=\"hidden\" name=\"_wpcf7_unit_tag\" value=\"wpcf7-f11-o1\" \/>\n<input type=\"hidden\" name=\"_wpcf7_container_post\" value=\"0\" \/>\n<input type=\"hidden\" name=\"_wpcf7_posted_data_hash\" value=\"\" \/>\n<\/div>\n<p><label> Ad\u0131n\u0131z<br \/>\n    <span class=\"wpcf7-form-control-wrap\" data-name=\"your-name\"><input type=\"text\" name=\"your-name\" value=\"\" size=\"40\" class=\"wpcf7-form-control wpcf7-text wpcf7-validates-as-required\" aria-required=\"true\" aria-invalid=\"false\" \/><\/span> <\/label><\/p>\n<p><label> E-posta adresiniz<br \/>\n    <span class=\"wpcf7-form-control-wrap\" data-name=\"your-email\"><input type=\"email\" name=\"your-email\" value=\"\" size=\"40\" class=\"wpcf7-form-control wpcf7-text wpcf7-email wpcf7-validates-as-required wpcf7-validates-as-email\" aria-required=\"true\" aria-invalid=\"false\" \/><\/span> <\/label><\/p>\n<p><label> Konu<br \/>\n    <span class=\"wpcf7-form-control-wrap\" data-name=\"your-subject\"><input type=\"text\" name=\"your-subject\" value=\"\" size=\"40\" class=\"wpcf7-form-control wpcf7-text wpcf7-validates-as-required\" aria-required=\"true\" aria-invalid=\"false\" \/><\/span> <\/label><\/p>\n<p><label> \u0130letiniz (tercihe ba\u011fl\u0131)<br \/>\n    <span class=\"wpcf7-form-control-wrap\" data-name=\"your-message\"><textarea name=\"your-message\" cols=\"40\" rows=\"10\" class=\"wpcf7-form-control wpcf7-textarea\" aria-invalid=\"false\"><\/textarea><\/span> <\/label><\/p>\n<p><input type=\"submit\" value=\"G\u00f6nder\" class=\"wpcf7-form-control has-spinner wpcf7-submit\" \/><\/p>\n<p style=\"display: none !important;\" class=\"akismet-fields-container\" data-prefix=\"_wpcf7_ak_\"><label>&#916;<textarea name=\"_wpcf7_ak_hp_textarea\" cols=\"45\" rows=\"8\" maxlength=\"100\"><\/textarea><\/label><input type=\"hidden\" id=\"ak_js_1\" name=\"_wpcf7_ak_js\" value=\"114\"\/><script type=\"text\/javascript\">\ndocument.getElementById( \"ak_js_1\" ).setAttribute( \"value\", ( new Date() ).getTime() );\n<\/script>\n<\/p><div class=\"wpcf7-response-output\" aria-hidden=\"true\"><\/div><\/form><\/div><\/div>\n\n\n\n<h3>Adres ve \u0130leti\u015fim<\/h3>\n\n\n\n<p>Pap Hediyelik E\u015fya Toptan Ticareti ve Gayrimenkul Dan\u0131\u015fmanl\u0131k<br>Harika Mente\u015f<br>Yukar\u0131 mah. Belediye caddesi Ye\u011feno\u011flu \u0130\u015fhan\u0131<br>No:2\/14 Kartal\/\u0130stanbul<\/p>\n\n\n\n<p><a href=\"mailto:info@petitapetit.co\">info@petitapetit.co<\/a><br><a href=\"tel:+90 533 370 74 14\">+90 (533) 370 74 14<\/a><\/p>\n\n\n\n<p>Toptan sat\u0131n al\u0131m ve i\u015f birlikteli\u011fi i\u00e7in<br><a href=\"mailto:hello@petitapetit.co\">hello@petitapetit.co<\/a>&nbsp; adresinden bize ula\u015fabilirsiniz.<\/p>\n\n\n\n<h3>Stockist Ma\u011fazalar<\/h3>\n\n\n\n<p>\u0130stif Design Store \/ Kad\u0131k\u00f6y \u0130STANBUL<br>Maezae \/ Karak\u00f6y \u0130STANBUL<br>Begart \/ Bebek \u0130STANBUL<br>Begart \/ Galata \u0130STANBUL<br>Begart \/ Ni\u015fanta\u015f\u0131 \u0130STANBUL<br>The Sky \/ Ni\u015fanta\u015f\u0131 \u0130STANBUL<br>Alazata Designer Store \/ \u00c7e\u015fme \u0130ZM\u0130R<br>Emna Studio Concept Store \/ Fethiye MU\u011eLA<\/p>\n\n\n\n<h3>Stockist Online<\/h3>\n\n\n\n<p>Trendyol\/ Online<br>Miamano\/ Online<br>Shopsa\/ Online<br>Quqla\/ Online<br>Nowshopfun\/ Online<\/p>\n","protected":false},"excerpt":{"rendered":"<p>Adres ve \u0130leti\u015fim Pap Hediyelik E\u015fya Toptan Ticareti ve Gayrimenkul Dan\u0131\u015fmanl\u0131kHarika Mente\u015fYukar\u0131 mah. Belediye caddesi Ye\u011feno\u011flu \u0130\u015fhan\u0131No:2\/14 Kartal\/\u0130stanbul info@petitapetit.co+90 (533) 370 74 14 Toptan sat\u0131n&hellip;<\/p>\n","protected":false},"author":1,"featured_media":0,"parent":0,"menu_order":0,"comment_status":"closed","ping_status":"closed","template":"","meta":{"om_disable_all_campaigns":false,"_monsterinsights_skip_tracking":false,"_monsterinsights_sitenote_active":false,"_monsterinsights_sitenote_note":"","_monsterinsights_sitenote_category":0},"yoast_head":"<!-- This site is optimized with the Yoast SEO plugin v18.3 - https:\/\/yoast.com\/wordpress\/plugins\/seo\/ -->\n<title>\u0130leti\u015fim -<\/title>\n<meta name=\"robots\" content=\"index, follow, max-snippet:-1, max-image-preview:large, max-video-preview:-1\" \/>\n<link rel=\"canonical\" href=\"https:\/\/maisonmarvis.com\/index.php\/iletisim\/\" \/>\n<meta property=\"og:locale\" content=\"en_US\" \/>\n<meta property=\"og:type\" content=\"article\" \/>\n<meta property=\"og:title\" content=\"\u0130leti\u015fim -\" \/>\n<meta property=\"og:description\" content=\"Adres ve \u0130leti\u015fim Pap Hediyelik E\u015fya Toptan Ticareti ve Gayrimenkul Dan\u0131\u015fmanl\u0131kHarika Mente\u015fYukar\u0131 mah. Belediye caddesi Ye\u011feno\u011flu \u0130\u015fhan\u0131No:2\/14 Kartal\/\u0130stanbul info@petitapetit.co+90 (533) 370 74 14 Toptan sat\u0131n&hellip;\" \/>\n<meta property=\"og:url\" content=\"https:\/\/maisonmarvis.com\/index.php\/iletisim\/\" \/>\n<meta property=\"article:modified_time\" content=\"2021-11-10T09:24:26+00:00\" \/>\n<meta name=\"twitter:card\" content=\"summary_large_image\" \/>\n<meta name=\"twitter:label1\" content=\"Est. reading time\" \/>\n\t<meta name=\"twitter:data1\" content=\"1 minute\" \/>\n<script type=\"application\/ld+json\" class=\"yoast-schema-graph\">{\"@context\":\"https:\/\/schema.org\",\"@graph\":[{\"@type\":\"WebSite\",\"@id\":\"https:\/\/maisonmarvis.com\/#website\",\"url\":\"https:\/\/maisonmarvis.com\/\",\"name\":\"\",\"description\":\"Maison Marvis\",\"potentialAction\":[{\"@type\":\"SearchAction\",\"target\":{\"@type\":\"EntryPoint\",\"urlTemplate\":\"https:\/\/maisonmarvis.com\/?s={search_term_string}\"},\"query-input\":\"required name=search_term_string\"}],\"inLanguage\":\"en-US\"},{\"@type\":\"WebPage\",\"@id\":\"https:\/\/maisonmarvis.com\/index.php\/iletisim\/#webpage\",\"url\":\"https:\/\/maisonmarvis.com\/index.php\/iletisim\/\",\"name\":\"\u0130leti\u015fim -\",\"isPartOf\":{\"@id\":\"https:\/\/maisonmarvis.com\/#website\"},\"datePublished\":\"2021-11-10T09:23:22+00:00\",\"dateModified\":\"2021-11-10T09:24:26+00:00\",\"breadcrumb\":{\"@id\":\"https:\/\/maisonmarvis.com\/index.php\/iletisim\/#breadcrumb\"},\"inLanguage\":\"en-US\",\"potentialAction\":[{\"@type\":\"ReadAction\",\"target\":[\"https:\/\/maisonmarvis.com\/index.php\/iletisim\/\"]}]},{\"@type\":\"BreadcrumbList\",\"@id\":\"https:\/\/maisonmarvis.com\/index.php\/iletisim\/#breadcrumb\",\"itemListElement\":[{\"@type\":\"ListItem\",\"position\":1,\"name\":\"Anasayfa\",\"item\":\"https:\/\/maisonmarvis.com\/\"},{\"@type\":\"ListItem\",\"position\":2,\"name\":\"\u0130leti\u015fim\"}]}]}<\/script>\n<!-- \/ Yoast SEO plugin. -->","yoast_head_json":{"title":"\u0130leti\u015fim -","robots":{"index":"index","follow":"follow","max-snippet":"max-snippet:-1","max-image-preview":"max-image-preview:large","max-video-preview":"max-video-preview:-1"},"canonical":"https:\/\/maisonmarvis.com\/index.php\/iletisim\/","og_locale":"en_US","og_type":"article","og_title":"\u0130leti\u015fim -","og_description":"Adres ve \u0130leti\u015fim Pap Hediyelik E\u015fya Toptan Ticareti ve Gayrimenkul Dan\u0131\u015fmanl\u0131kHarika Mente\u015fYukar\u0131 mah. Belediye caddesi Ye\u011feno\u011flu \u0130\u015fhan\u0131No:2\/14 Kartal\/\u0130stanbul info@petitapetit.co+90 (533) 370 74 14 Toptan sat\u0131n&hellip;","og_url":"https:\/\/maisonmarvis.com\/index.php\/iletisim\/","article_modified_time":"2021-11-10T09:24:26+00:00","twitter_card":"summary_large_image","twitter_misc":{"Est. reading time":"1 minute"},"schema":{"@context":"https:\/\/schema.org","@graph":[{"@type":"WebSite","@id":"https:\/\/maisonmarvis.com\/#website","url":"https:\/\/maisonmarvis.com\/","name":"","description":"Maison Marvis","potentialAction":[{"@type":"SearchAction","target":{"@type":"EntryPoint","urlTemplate":"https:\/\/maisonmarvis.com\/?s={search_term_string}"},"query-input":"required name=search_term_string"}],"inLanguage":"en-US"},{"@type":"WebPage","@id":"https:\/\/maisonmarvis.com\/index.php\/iletisim\/#webpage","url":"https:\/\/maisonmarvis.com\/index.php\/iletisim\/","name":"\u0130leti\u015fim -","isPartOf":{"@id":"https:\/\/maisonmarvis.com\/#website"},"datePublished":"2021-11-10T09:23:22+00:00","dateModified":"2021-11-10T09:24:26+00:00","breadcrumb":{"@id":"https:\/\/maisonmarvis.com\/index.php\/iletisim\/#breadcrumb"},"inLanguage":"en-US","potentialAction":[{"@type":"ReadAction","target":["https:\/\/maisonmarvis.com\/index.php\/iletisim\/"]}]},{"@type":"BreadcrumbList","@id":"https:\/\/maisonmarvis.com\/index.php\/iletisim\/#breadcrumb","itemListElement":[{"@type":"ListItem","position":1,"name":"Anasayfa","item":"https:\/\/maisonmarvis.com\/"},{"@type":"ListItem","position":2,"name":"\u0130leti\u015fim"}]}]}},"_links":{"self":[{"href":"https:\/\/maisonmarvis.com\/index.php\/wp-json\/wp\/v2\/pages\/88"}],"collection":[{"href":"https:\/\/maisonmarvis.com\/index.php\/wp-json\/wp\/v2\/pages"}],"about":[{"href":"https:\/\/maisonmarvis.com\/index.php\/wp-json\/wp\/v2\/types\/page"}],"author":[{"embeddable":true,"href":"https:\/\/maisonmarvis.com\/index.php\/wp-json\/wp\/v2\/users\/1"}],"replies":[{"embeddable":true,"href":"https:\/\/maisonmarvis.com\/index.php\/wp-json\/wp\/v2\/comments?post=88"}],"version-history":[{"count":2,"href":"https:\/\/maisonmarvis.com\/index.php\/wp-json\/wp\/v2\/pages\/88\/revisions"}],"predecessor-version":[{"id":90,"href":"https:\/\/maisonmarvis.com\/index.php\/wp-json\/wp\/v2\/pages\/88\/revisions\/90"}],"wp:attachment":[{"href":"https:\/\/maisonmarvis.com\/index.php\/wp-json\/wp\/v2\/media?parent=88"}],"curies":[{"name":"wp","href":"https:\/\/api.w.org\/{rel}","templated":true}]}}